{"id":349,"date":"2020-06-12T08:45:37","date_gmt":"2020-06-12T08:45:37","guid":{"rendered":"https:\/\/dnsvina.com.vn\/kr\/?page_id=349"},"modified":"2021-08-05T02:52:53","modified_gmt":"2021-08-05T02:52:53","slug":"gioi-thieu","status":"publish","type":"page","link":"https:\/\/dnsvina.com.vn\/kr\/gioi-thieu\/","title":{"rendered":"\ud68c\uc0ac\uc18c\uac1c"},"content":{"rendered":"<h2><span style=\"font-size: 100%\"><b>JUSEONG DNS <\/b><b>\ud68c\uc0ac\uc18c\uac1c<\/b><\/span><\/h2>\n<p><b>Ju <\/b><b>Seong<\/b><b> DNS <\/b><b>\uc740<\/b> \uc0c1\uc5c5\uc6a9 \ub0c9\ub3d9 \ub0c9\uc7a5\uae30\uae30 \uc804\ubb38 \ubd84\uc57c\uc758 \ub9ac\ub354\ub85c\uc11c \ub6f0\uc5b4\ub09c \uae30\uc220\ub825\uacfc \uc6b0\uc218\ud55c \uc0dd\uc0b0\uc2dc\uc2a4\ud15c\uc744 \uac16\ucd94\uace0 \uc788\uc73c\uba70, \ucd5c\ucca8\ub2e8 \ub124\ud2b8\uc6cc\ud06c \uc2dc\uc2a4\ud15c\uc744 \ud1b5\ud574 \uac01 \uadf8\ub8f9\uc0ac\uc640 \uc815\ubcf4\ub97c \uacf5\uc720\ud558\uace0 \uc788\uc2b5\ub2c8\ub2e4. Ju Seong DNS \uc740 \uc138\uacc4 \uc2dc\uc7a5\uc5d0\uc11c \uc6b0\ub69d \uc120 \uc544\ub974\ub124\ub294 \uc6b0\uc218\ud55c \uc81c\ud488\uacfc \uc11c\ube44\uc2a4\ub97c \uc81c\uacf5\ud568\uc73c\ub85c\uc368 \uace0\uac1d\ub9cc\uc871\uc744 \uc2e4\ud604\uc2dc\ud0a4\uace0 \uc788\uc73c\uba70, \ud601\uc2e0 \ud65c\ub3d9\uc744 \ud1b5\ud574 \ub04a\uc784\uc5c6\uc774 \ubc1c\uc804\ud558\uace0 \uc788\ub294 \uc900\ube44\ub41c \uae30\uc5c5\uc785\ub2c8\ub2e4.<\/p>\n<p style=\"text-align: center\"><img loading=\"lazy\" class=\"alignnone size-full wp-image-744\" src=\"https:\/\/dnsvina.com.vn\/kr\/wp-content\/uploads\/2020\/08\/SSSS-698x400-1.png\" alt=\"\" width=\"749\" height=\"384\" srcset=\"https:\/\/dnsvina.com.vn\/kr\/wp-content\/uploads\/2020\/08\/SSSS-698x400-1.png 749w, https:\/\/dnsvina.com.vn\/kr\/wp-content\/uploads\/2020\/08\/SSSS-698x400-1-300x154.png 300w, https:\/\/dnsvina.com.vn\/kr\/wp-content\/uploads\/2020\/08\/SSSS-698x400-1-600x308.png 600w\" sizes=\"(max-width: 749px) 100vw, 749px\" \/><\/p>\n<h2><span style=\"font-size: 100%\"><strong>L\u1ecaCH S\u1eec PH\u00c1T TRI\u1ec2N C\u00d4NG TY JUSEONG DNS<\/strong><\/span><\/h2>\n<p>2013\ub144 2\uc6d4\u00a0 \uc8fc\uc131\ub514\uc5d4\uc5d0\uc2a4\u321c\u00a0 \uc124\ub9bd<\/p>\n<p>2013\ub144 2\uc6d4\u00a0 \ubc29\uc5f4 \ub3c4\uc5b4 \uad6d\ub0b4 \ucd5c\ucd08 \ubc29\ud654 \uc778\uc99d \ud68d\ub4dd \u2013 \ub3c5\uc810 \ud310\ub9e4\uad8c (BY \uc6a9\uc131\uc2dc\uc2a4\ud15c)<\/p>\n<p>2013\ub144 3\uc6d4\u00a0 \uc77c\ubcf8 NANKYOKU \ud55c\uad6d \ub300\ub9ac\uc810<\/p>\n<p>2013\ub144 4\uc6d4\u00a0 \ub3c5\uc77c HORMANN \uae30\uc220 \uc81c\ud734\u00a0 \ubc0f \ud55c\uad6d \ub300\ub9ac\uc810<\/p>\n<p>2013\ub144 6\uc6d4\u00a0 \ud55c\uad6d \ubb34\uc5ed \ud611\ud68c \uac00\uc785<\/p>\n<p>2013\ub144 7\uc6d4\u00a0 \ud55c\uad6d \uc218\uc785\uc5c5 \ud611\ud68c\u00a0 \ud68c\uc6d0 \uac00\uc785<\/p>\n<p>2014\ub144 11\uc6d4 \uce90\ub098\ub2e4 RAYNOR RICHARD WILCOX \/ SUPER SEAL<\/p>\n<p>2015\ub144 03\uc6d4 \ub3c5\uc77c ONI DOOR \uae30\uc220\uc81c\ud734 \ubc0f \ud55c\uad6d \ub300\ub9ac\uc810<\/p>\n<p>2018\ub144 06\uc6d4 \uc911\uad6d SUNCOME \uc0ac \ud55c\uad6d \ub300\ub9ac\uc810<\/p>\n<p>2018\ub144 09\uc6d4 \uc77c\ubcf8 KONGO \uc0ac \ud55c\uad6d \ub300\ub9ac\uc810<\/p>\n<p>2019\ub144 04\uc6d4 \ubca0\ud2b8\ub09c DNS VINA \ubc95\uc778 \uc124\ub9bd<\/p>\n<p>2020 \ub144 01\uc6d4 DNS VINA \ubc95\uc778\uc758 \ud638\uce58\ubbfc \uc9c0\uc0ac \uc124\ub9bd<\/p>\n<h2><span style=\"font-size: 100%;color: #282828\"><b>\ubca0\ud2b8\ub0a8 \ud68c\uc0ac \uc815\ubcf4<\/b><\/span><\/h2>\n<p><b>\ud68c\uc0ac\uba85<\/b><b>: DNS VINA CO., LTD<\/b><\/p>\n<p><b>\uc8fc\uc18c<\/b><b>: <\/b><b>\ud558\ub178\uc774<\/b><b>, Thanh Xuan <\/b><b>\uad70<\/b><b>, <\/b><b>Nhan<\/b> <b>Chinh<\/b> <b>\ub3d9<\/b><b>, Nguyen <\/b><b>Thi<\/b> <b>Dinh<\/b> <b>\u00a0<\/b>B29<\/p>\n<p><b>\uc124\uc785\ub0a0<\/b><b>:\u00a0 2019<\/b><b>\ub144 <\/b><b>4<\/b><b>\uc6d4 <\/b><\/p>\n<p><span style=\"font-size: 120%\"><b>\uc8fc\uc694 \uc5c5\uc885 <\/b>:<\/span><\/p>\n<p>&#8211; <b>\uacf5\uc0ac \uac74\uc124<\/b><b>: <\/b><b>\uc77c\ubc18\uc9d1<\/b><b>, <\/b><b>\uacf5\uc5c5<\/b><b>, <\/b><b>\uad50\ud1b5<\/b><\/p>\n<p>&#8211; <b>\ubc29\uc5f4<\/b><b>, <\/b><b>\ub2e8\uc5f4 \uacf5\uc0ac \uae30\ud0c0 \uac74\uc124 \uc2dc\uc2a4\ud15c \uc124\uce58 <\/b><\/p>\n<p>&#8211; <b>\uc77c\ubc18 \uc124\ube44 \uc2dc\uc2a4\ud15c \uc124\uce58<\/b><b>&amp; <\/b><b>\uae30\ud0c0 \uac74\uc124 \uacf5\uc0ac \uc124\uce58<\/b><\/p>\n<p>&#8211; <b>\uc5d8\ub9ac \ubca0\uc774\ud130 <\/b><b>,<\/b><b>\uc5d0\uc2a4\uceec\ub808\ub9ac\ud130 \uc124\uce58<\/b><\/p>\n<p>&#8211; <b>\ub864\ub3c4\uc5b4<\/b><b>, <\/b><b>\uc790\ub3d9 \uace0\uc5b4 \uc124\uce58<\/b><\/p>\n<p>&#8211; <b>\uac74\uc124\uc6a9 \uae30\uacc4<\/b><b>, <\/b><b>\uc124\ube44<\/b><b>, <\/b><b>\uae30\uacc4 \ubd80\ud488 \uc218\ub9ac<\/b><b>&amp; <\/b><b>\ub3c4\ub9e4<\/b><\/p>\n<p><b style=\"color: #555555;font-size: 14.4px\">\uc790\ubcf8\uae08<\/b><b style=\"color: #555555;font-size: 14.4px\">:<\/b><span style=\"color: #555555;font-size: 14.4px\">1,000,000,000 \ub3d9 ( \uc2ed\uc5b5\ub3d9)<\/span><\/p>\n<p><b style=\"color: #555555;font-size: 14.4px\">\uc804\ud654\ubc88\ud638<\/b><span style=\"color: #555555;font-size: 14.4px\">: <span style=\"color: #ed1c24\">024 777 39 888<\/span><\/span><\/p>\n<p><b>\uc138\uae08\ubc88\ud638<\/b>: 0108690782<\/p>\n<p><strong>\uc9c1\uc6d0\uc778\uc218<\/strong> : 20\uba85<\/p>\n<h2><span style=\"font-size: 100%\"><b>\uc0ac\uc5c5 \ud5c8\uac00\uc11c <\/b><\/span><\/h2>\n<table style=\"border-collapse: collapse;width: 100%\">\n<tbody>\n<tr>\n<td style=\"width: 50%\"><img loading=\"lazy\" class=\"size-full wp-image-880 aligncenter\" src=\"https:\/\/dnsvina.com.vn\/kr\/wp-content\/uploads\/2020\/08\/Business-License_DKKD_12.08.2020_Page_1-scaled.jpg\" alt=\"\" width=\"1810\" height=\"2560\" srcset=\"https:\/\/dnsvina.com.vn\/kr\/wp-content\/uploads\/2020\/08\/Business-License_DKKD_12.08.2020_Page_1-scaled.jpg 1810w, https:\/\/dnsvina.com.vn\/kr\/wp-content\/uploads\/2020\/08\/Business-License_DKKD_12.08.2020_Page_1-283x400.jpg 283w, https:\/\/dnsvina.com.vn\/kr\/wp-content\/uploads\/2020\/08\/Business-License_DKKD_12.08.2020_Page_1-566x800.jpg 566w, https:\/\/dnsvina.com.vn\/kr\/wp-content\/uploads\/2020\/08\/Business-License_DKKD_12.08.2020_Page_1-768x1086.jpg 768w, https:\/\/dnsvina.com.vn\/kr\/wp-content\/uploads\/2020\/08\/Business-License_DKKD_12.08.2020_Page_1-1086x1536.jpg 1086w, https:\/\/dnsvina.com.vn\/kr\/wp-content\/uploads\/2020\/08\/Business-License_DKKD_12.08.2020_Page_1-1448x2048.jpg 1448w, https:\/\/dnsvina.com.vn\/kr\/wp-content\/uploads\/2020\/08\/Business-License_DKKD_12.08.2020_Page_1-300x424.jpg 300w, https:\/\/dnsvina.com.vn\/kr\/wp-content\/uploads\/2020\/08\/Business-License_DKKD_12.08.2020_Page_1-600x848.jpg 600w\" sizes=\"(max-width: 1810px) 100vw, 1810px\" \/><\/td>\n<td style=\"width: 50%\"><img loading=\"lazy\" class=\"size-full wp-image-881 aligncenter\" src=\"https:\/\/dnsvina.com.vn\/kr\/wp-content\/uploads\/2020\/08\/Business-License_DKKD_12.08.2020_Page_2-scaled.jpg\" alt=\"\" width=\"1810\" height=\"2560\" srcset=\"https:\/\/dnsvina.com.vn\/kr\/wp-content\/uploads\/2020\/08\/Business-License_DKKD_12.08.2020_Page_2-scaled.jpg 1810w, https:\/\/dnsvina.com.vn\/kr\/wp-content\/uploads\/2020\/08\/Business-License_DKKD_12.08.2020_Page_2-283x400.jpg 283w, https:\/\/dnsvina.com.vn\/kr\/wp-content\/uploads\/2020\/08\/Business-License_DKKD_12.08.2020_Page_2-566x800.jpg 566w, https:\/\/dnsvina.com.vn\/kr\/wp-content\/uploads\/2020\/08\/Business-License_DKKD_12.08.2020_Page_2-768x1086.jpg 768w, https:\/\/dnsvina.com.vn\/kr\/wp-content\/uploads\/2020\/08\/Business-License_DKKD_12.08.2020_Page_2-1086x1536.jpg 1086w, https:\/\/dnsvina.com.vn\/kr\/wp-content\/uploads\/2020\/08\/Business-License_DKKD_12.08.2020_Page_2-1448x2048.jpg 1448w, https:\/\/dnsvina.com.vn\/kr\/wp-content\/uploads\/2020\/08\/Business-License_DKKD_12.08.2020_Page_2-300x424.jpg 300w, https:\/\/dnsvina.com.vn\/kr\/wp-content\/uploads\/2020\/08\/Business-License_DKKD_12.08.2020_Page_2-600x848.jpg 600w\" sizes=\"(max-width: 1810px) 100vw, 1810px\" \/><\/td>\n<\/tr>\n<\/tbody>\n<\/table>\n<h2><b>\uc8fc\uc694 \ucde8\uae09 \ud488\ubaa9 <\/b><\/h2>\n<p><strong>1.\ud2b9\uc218 \ub3c4\uc5b4<\/strong><\/p>\n<p>&#8211; COLD STORAGE DOOR \/ AIR TIGHT DOOR\/ OVERLAP DOOR<\/p>\n<p>&#8211; OVERHEAD DOOR\/ HIGH SPEED DOOR\/ SPRIAL DOOR<\/p>\n<p>&#8211; FIRE COLD STORAGE DOOR \/ FIRE SHUTTER &amp; STEEL DOOR<\/p>\n<p>&#8211; AUTO SLIDING DOOR\/ SWING DOOR<\/p>\n<p>&#8211; AIR CURTAIN\/ AIR SHUTTER<\/p>\n<p>2.\ub85c\ub529 \ub3c4\ud06c<\/p>\n<p>&#8211; DOCK SEAL\/ DOCK SHELTER \/ INFLATABLE SHELTER<\/p>\n<p>&#8211; DOCK LEVELER<\/p>\n<p>&#8211; LOADING HOUSE \/ DOCK LIGHT \/ BUMPER<\/p>\n<p><strong>3.\ub0c9\uc7a5 \ub0c9\ub3d9 COLD INSULATION PU PANEL<\/strong><\/p>\n<p>P.U \/ PIR PANEL : 50T \/ 75T \/ 100T \/ 150T \/ 200T (LOCAL &amp; KOREA)<\/p>\n<p>URETHANE SPRAY<\/p>\n<p><strong>4. COLD SYSTEM\u00a0<\/strong><\/p>\n<p>&#8211; CONDENSING UNIT<\/p>\n<p>&#8211; UNIT COOLER<\/p>\n<p><strong>Ngo\u00e0i c\u00e1c s\u1ea3n ph\u1ea9m tr\u00ean c\u00f4ng ty c\u00f2n cung c\u1ea5p m\u00e1y m\u00f3c v\u1eadn t\u1ea3i \u0111\u1ec3 gh\u00e9 s\u00e1t v\u00e0o khu v\u1ef1c DOCK<\/strong><\/p>\n","protected":false},"excerpt":{"rendered":"<p>JUSEONG DNS \ud68c\uc0ac\uc18c\uac1c Ju Seong DNS \uc740 \uc0c1\uc5c5\uc6a9 \ub0c9\ub3d9 \ub0c9\uc7a5\uae30\uae30 \uc804\ubb38 \ubd84\uc57c\uc758 \ub9ac\ub354\ub85c\uc11c \ub6f0\uc5b4\ub09c \uae30\uc220\ub825\uacfc \uc6b0\uc218\ud55c \uc0dd\uc0b0\uc2dc\uc2a4\ud15c\uc744 \uac16\ucd94\uace0 \uc788\uc73c\uba70, \ucd5c\ucca8\ub2e8 \ub124\ud2b8\uc6cc\ud06c \uc2dc\uc2a4\ud15c\uc744 \ud1b5\ud574 \uac01 \uadf8\ub8f9\uc0ac\uc640 \uc815\ubcf4\ub97c \uacf5\uc720\ud558\uace0 \uc788\uc2b5\ub2c8\ub2e4. Ju Seong DNS \uc740 \uc138\uacc4 \uc2dc\uc7a5\uc5d0\uc11c \uc6b0\ub69d \uc120 \uc544\ub974\ub124\ub294 \uc6b0\uc218\ud55c \uc81c\ud488\uacfc \uc11c\ube44\uc2a4\ub97c \uc81c\uacf5\ud568\uc73c\ub85c\uc368 \uace0\uac1d\ub9cc\uc871\uc744 \uc2e4\ud604\uc2dc\ud0a4\uace0 \uc788\uc73c\uba70, \ud601\uc2e0 \ud65c\ub3d9\uc744 \ud1b5\ud574 \ub04a\uc784\uc5c6\uc774 \ubc1c\uc804\ud558\uace0 \uc788\ub294 \uc900\ube44\ub41c \uae30\uc5c5\uc785\ub2c8\ub2e4. L\u1ecaCH S\u1eec PH\u00c1T&#8230;<\/p>\n","protected":false},"author":1,"featured_media":0,"parent":0,"menu_order":0,"comment_status":"closed","ping_status":"closed","template":"page-right-sidebar.php","meta":[],"yoast_head":"<!-- This site is optimized with the Yoast SEO plugin v17.2.1 - https:\/\/yoast.com\/wordpress\/plugins\/seo\/ -->\n<title>\ud68c\uc0ac\uc18c\uac1c - DNS<\/title>\n<meta name=\"robots\" content=\"index, follow, max-snippet:-1, max-image-preview:large, max-video-preview:-1\" \/>\n<link rel=\"canonical\" href=\"https:\/\/dnsvina.com.vn\/kr\/gioi-thieu\/\" \/>\n<meta property=\"og:locale\" content=\"vi_VN\" \/>\n<meta property=\"og:type\" content=\"article\" \/>\n<meta property=\"og:title\" content=\"\ud68c\uc0ac\uc18c\uac1c - DNS\" \/>\n<meta property=\"og:description\" content=\"JUSEONG DNS \ud68c\uc0ac\uc18c\uac1c Ju Seong DNS \uc740 \uc0c1\uc5c5\uc6a9 \ub0c9\ub3d9 \ub0c9\uc7a5\uae30\uae30 \uc804\ubb38 \ubd84\uc57c\uc758 \ub9ac\ub354\ub85c\uc11c \ub6f0\uc5b4\ub09c \uae30\uc220\ub825\uacfc \uc6b0\uc218\ud55c \uc0dd\uc0b0\uc2dc\uc2a4\ud15c\uc744 \uac16\ucd94\uace0 \uc788\uc73c\uba70, \ucd5c\ucca8\ub2e8 \ub124\ud2b8\uc6cc\ud06c \uc2dc\uc2a4\ud15c\uc744 \ud1b5\ud574 \uac01 \uadf8\ub8f9\uc0ac\uc640 \uc815\ubcf4\ub97c \uacf5\uc720\ud558\uace0 \uc788\uc2b5\ub2c8\ub2e4. Ju Seong DNS \uc740 \uc138\uacc4 \uc2dc\uc7a5\uc5d0\uc11c \uc6b0\ub69d \uc120 \uc544\ub974\ub124\ub294 \uc6b0\uc218\ud55c \uc81c\ud488\uacfc \uc11c\ube44\uc2a4\ub97c \uc81c\uacf5\ud568\uc73c\ub85c\uc368 \uace0\uac1d\ub9cc\uc871\uc744 \uc2e4\ud604\uc2dc\ud0a4\uace0 \uc788\uc73c\uba70, \ud601\uc2e0 \ud65c\ub3d9\uc744 \ud1b5\ud574 \ub04a\uc784\uc5c6\uc774 \ubc1c\uc804\ud558\uace0 \uc788\ub294 \uc900\ube44\ub41c \uae30\uc5c5\uc785\ub2c8\ub2e4. L\u1ecaCH S\u1eec PH\u00c1T...\" \/>\n<meta property=\"og:url\" content=\"https:\/\/dnsvina.com.vn\/kr\/gioi-thieu\/\" \/>\n<meta property=\"og:site_name\" content=\"DNS\" \/>\n<meta property=\"article:modified_time\" content=\"2021-08-05T02:52:53+00:00\" \/>\n<meta property=\"og:image\" content=\"https:\/\/dnsvina.com.vn\/kr\/wp-content\/uploads\/2020\/08\/SSSS-698x400-1.png\" \/>\n<meta name=\"twitter:card\" content=\"summary_large_image\" \/>\n<meta name=\"twitter:label1\" content=\"\u01af\u1edbc t\u00ednh th\u1eddi gian \u0111\u1ecdc\" \/>\n\t<meta name=\"twitter:data1\" content=\"3 ph\u00fat\" \/>\n<script type=\"application\/ld+json\" class=\"yoast-schema-graph\">{\"@context\":\"https:\/\/schema.org\",\"@graph\":[{\"@type\":\"WebSite\",\"@id\":\"https:\/\/dnsvina.com.vn\/kr\/#website\",\"url\":\"https:\/\/dnsvina.com.vn\/kr\/\",\"name\":\"DNS\",\"description\":\"DNS VINA CO.,LTD\",\"potentialAction\":[{\"@type\":\"SearchAction\",\"target\":{\"@type\":\"EntryPoint\",\"urlTemplate\":\"https:\/\/dnsvina.com.vn\/kr\/?s={search_term_string}\"},\"query-input\":\"required name=search_term_string\"}],\"inLanguage\":\"vi\"},{\"@type\":\"ImageObject\",\"@id\":\"https:\/\/dnsvina.com.vn\/kr\/gioi-thieu\/#primaryimage\",\"inLanguage\":\"vi\",\"url\":\"https:\/\/dnsvina.com.vn\/kr\/wp-content\/uploads\/2020\/08\/SSSS-698x400-1.png\",\"contentUrl\":\"https:\/\/dnsvina.com.vn\/kr\/wp-content\/uploads\/2020\/08\/SSSS-698x400-1.png\",\"width\":749,\"height\":384},{\"@type\":\"WebPage\",\"@id\":\"https:\/\/dnsvina.com.vn\/kr\/gioi-thieu\/#webpage\",\"url\":\"https:\/\/dnsvina.com.vn\/kr\/gioi-thieu\/\",\"name\":\"\\ud68c\\uc0ac\\uc18c\\uac1c - DNS\",\"isPartOf\":{\"@id\":\"https:\/\/dnsvina.com.vn\/kr\/#website\"},\"primaryImageOfPage\":{\"@id\":\"https:\/\/dnsvina.com.vn\/kr\/gioi-thieu\/#primaryimage\"},\"datePublished\":\"2020-06-12T08:45:37+00:00\",\"dateModified\":\"2021-08-05T02:52:53+00:00\",\"breadcrumb\":{\"@id\":\"https:\/\/dnsvina.com.vn\/kr\/gioi-thieu\/#breadcrumb\"},\"inLanguage\":\"vi\",\"potentialAction\":[{\"@type\":\"ReadAction\",\"target\":[\"https:\/\/dnsvina.com.vn\/kr\/gioi-thieu\/\"]}]},{\"@type\":\"BreadcrumbList\",\"@id\":\"https:\/\/dnsvina.com.vn\/kr\/gioi-thieu\/#breadcrumb\",\"itemListElement\":[{\"@type\":\"ListItem\",\"position\":1,\"name\":\"Trang ch\\u1ee7\",\"item\":\"https:\/\/dnsvina.com.vn\/kr\/\"},{\"@type\":\"ListItem\",\"position\":2,\"name\":\"\\ud68c\\uc0ac\\uc18c\\uac1c\"}]}]}<\/script>\n<!-- \/ Yoast SEO plugin. -->","yoast_head_json":{"title":"\ud68c\uc0ac\uc18c\uac1c - DNS","robots":{"index":"index","follow":"follow","max-snippet":"max-snippet:-1","max-image-preview":"max-image-preview:large","max-video-preview":"max-video-preview:-1"},"canonical":"https:\/\/dnsvina.com.vn\/kr\/gioi-thieu\/","og_locale":"vi_VN","og_type":"article","og_title":"\ud68c\uc0ac\uc18c\uac1c - DNS","og_description":"JUSEONG DNS \ud68c\uc0ac\uc18c\uac1c Ju Seong DNS \uc740 \uc0c1\uc5c5\uc6a9 \ub0c9\ub3d9 \ub0c9\uc7a5\uae30\uae30 \uc804\ubb38 \ubd84\uc57c\uc758 \ub9ac\ub354\ub85c\uc11c \ub6f0\uc5b4\ub09c \uae30\uc220\ub825\uacfc \uc6b0\uc218\ud55c \uc0dd\uc0b0\uc2dc\uc2a4\ud15c\uc744 \uac16\ucd94\uace0 \uc788\uc73c\uba70, \ucd5c\ucca8\ub2e8 \ub124\ud2b8\uc6cc\ud06c \uc2dc\uc2a4\ud15c\uc744 \ud1b5\ud574 \uac01 \uadf8\ub8f9\uc0ac\uc640 \uc815\ubcf4\ub97c \uacf5\uc720\ud558\uace0 \uc788\uc2b5\ub2c8\ub2e4. Ju Seong DNS \uc740 \uc138\uacc4 \uc2dc\uc7a5\uc5d0\uc11c \uc6b0\ub69d \uc120 \uc544\ub974\ub124\ub294 \uc6b0\uc218\ud55c \uc81c\ud488\uacfc \uc11c\ube44\uc2a4\ub97c \uc81c\uacf5\ud568\uc73c\ub85c\uc368 \uace0\uac1d\ub9cc\uc871\uc744 \uc2e4\ud604\uc2dc\ud0a4\uace0 \uc788\uc73c\uba70, \ud601\uc2e0 \ud65c\ub3d9\uc744 \ud1b5\ud574 \ub04a\uc784\uc5c6\uc774 \ubc1c\uc804\ud558\uace0 \uc788\ub294 \uc900\ube44\ub41c \uae30\uc5c5\uc785\ub2c8\ub2e4. L\u1ecaCH S\u1eec PH\u00c1T...","og_url":"https:\/\/dnsvina.com.vn\/kr\/gioi-thieu\/","og_site_name":"DNS","article_modified_time":"2021-08-05T02:52:53+00:00","og_image":[{"url":"https:\/\/dnsvina.com.vn\/kr\/wp-content\/uploads\/2020\/08\/SSSS-698x400-1.png"}],"twitter_card":"summary_large_image","twitter_misc":{"\u01af\u1edbc t\u00ednh th\u1eddi gian \u0111\u1ecdc":"3 ph\u00fat"},"schema":{"@context":"https:\/\/schema.org","@graph":[{"@type":"WebSite","@id":"https:\/\/dnsvina.com.vn\/kr\/#website","url":"https:\/\/dnsvina.com.vn\/kr\/","name":"DNS","description":"DNS VINA CO.,LTD","potentialAction":[{"@type":"SearchAction","target":{"@type":"EntryPoint","urlTemplate":"https:\/\/dnsvina.com.vn\/kr\/?s={search_term_string}"},"query-input":"required name=search_term_string"}],"inLanguage":"vi"},{"@type":"ImageObject","@id":"https:\/\/dnsvina.com.vn\/kr\/gioi-thieu\/#primaryimage","inLanguage":"vi","url":"https:\/\/dnsvina.com.vn\/kr\/wp-content\/uploads\/2020\/08\/SSSS-698x400-1.png","contentUrl":"https:\/\/dnsvina.com.vn\/kr\/wp-content\/uploads\/2020\/08\/SSSS-698x400-1.png","width":749,"height":384},{"@type":"WebPage","@id":"https:\/\/dnsvina.com.vn\/kr\/gioi-thieu\/#webpage","url":"https:\/\/dnsvina.com.vn\/kr\/gioi-thieu\/","name":"\ud68c\uc0ac\uc18c\uac1c - DNS","isPartOf":{"@id":"https:\/\/dnsvina.com.vn\/kr\/#website"},"primaryImageOfPage":{"@id":"https:\/\/dnsvina.com.vn\/kr\/gioi-thieu\/#primaryimage"},"datePublished":"2020-06-12T08:45:37+00:00","dateModified":"2021-08-05T02:52:53+00:00","breadcrumb":{"@id":"https:\/\/dnsvina.com.vn\/kr\/gioi-thieu\/#breadcrumb"},"inLanguage":"vi","potentialAction":[{"@type":"ReadAction","target":["https:\/\/dnsvina.com.vn\/kr\/gioi-thieu\/"]}]},{"@type":"BreadcrumbList","@id":"https:\/\/dnsvina.com.vn\/kr\/gioi-thieu\/#breadcrumb","itemListElement":[{"@type":"ListItem","position":1,"name":"Trang ch\u1ee7","item":"https:\/\/dnsvina.com.vn\/kr\/"},{"@type":"ListItem","position":2,"name":"\ud68c\uc0ac\uc18c\uac1c"}]}]}},"_links":{"self":[{"href":"https:\/\/dnsvina.com.vn\/kr\/wp-json\/wp\/v2\/pages\/349"}],"collection":[{"href":"https:\/\/dnsvina.com.vn\/kr\/wp-json\/wp\/v2\/pages"}],"about":[{"href":"https:\/\/dnsvina.com.vn\/kr\/wp-json\/wp\/v2\/types\/page"}],"author":[{"embeddable":true,"href":"https:\/\/dnsvina.com.vn\/kr\/wp-json\/wp\/v2\/users\/1"}],"replies":[{"embeddable":true,"href":"https:\/\/dnsvina.com.vn\/kr\/wp-json\/wp\/v2\/comments?post=349"}],"version-history":[{"count":17,"href":"https:\/\/dnsvina.com.vn\/kr\/wp-json\/wp\/v2\/pages\/349\/revisions"}],"predecessor-version":[{"id":1337,"href":"https:\/\/dnsvina.com.vn\/kr\/wp-json\/wp\/v2\/pages\/349\/revisions\/1337"}],"wp:attachment":[{"href":"https:\/\/dnsvina.com.vn\/kr\/wp-json\/wp\/v2\/media?parent=349"}],"curies":[{"name":"wp","href":"https:\/\/api.w.org\/{rel}","templated":true}]}}